{"id":10487,"date":"2018-10-09T17:24:57","date_gmt":"2018-10-09T14:24:57","guid":{"rendered":"http:\/\/redesow.faccat.br\/wordpress\/ceataquara\/?page_id=10487"},"modified":"2019-06-26T22:11:09","modified_gmt":"2019-06-26T19:11:09","slug":"observando-rios","status":"publish","type":"page","link":"https:\/\/redesow.faccat.br\/wordpress\/ceataquara\/observando-rios","title":{"rendered":"Observando Rios"},"content":{"rendered":"<p>O&nbsp;<strong>Observando os Rios<\/strong> \u00e9 um projeto que re\u00fane comunidades e as mobiliza em torno da qualidade da \u00e1gua de rios, c\u00f3rregos e outros corpos d\u2019\u00e1gua das localidades onde elas vivem. O projeto conta com o patroc\u00ednio da Yp\u00ea e Coca-Cola. Taquara tornou-se parceira desta iniciativa, para observar tr\u00eas de seus cinco rios, com o aux\u00edlio das COM-VIDA-s (Comiss\u00e3o de Meio Ambiente e Qualidade de Vida na Escola) das seguintes escolas: EMEF J\u00falio Maurer &#8211; Rio Padilha; EMEF Ant\u00f4nio Martins Rangel &#8211; Rio dos Sinos; EMEF Dr. Al\u00edpio Sperb &#8211; Rio Paranhana.<\/p>\n<p>A iniciativa \u00e9 aberta \u00e0 popula\u00e7\u00e3o, que pode&nbsp;<a href=\"https:\/\/www.sosma.org.br\/projeto\/observando-os-rios\/como-participar\/\" target=\"_blank\" rel=\"noopener noreferrer\">participar<\/a>&nbsp;dos grupos de monitoramento j\u00e1 existentes ou ajudar a criar novos grupos em rios pr\u00f3ximos a escolas, igrejas e outros centros comunit\u00e1rios.&nbsp;O monitoramento das \u00e1guas \u00e9 realizado com um&nbsp;kit desenvolvido&nbsp;pela SOS Mata Atl\u00e2ntica.&nbsp;Os grupos fazem a medi\u00e7\u00e3o uma vez por m\u00eas e enviam os&nbsp;<a href=\"https:\/\/www.sosma.org.br\/projeto\/observando-os-rios\/dados-de-monitoramento\/\" target=\"_blank\" rel=\"noopener noreferrer\">resultados<\/a>&nbsp;pela internet.<\/p>\n<p>Esse kit possibilita a avalia\u00e7\u00e3o dos rios a partir de um total de 16 par\u00e2metros, que incluem n\u00edveis de oxig\u00eanio, f\u00f3sforo, PH, odor, aspectos visuais, entre outros, e classifica a qualidade das \u00e1guas em cinco n\u00edveis de pontua\u00e7\u00e3o, de acordo com a legisla\u00e7\u00e3o: p\u00e9ssimo (de 14 a 20 pontos), ruim (de 21 a 26 pontos), regular (de 27 a 35 pontos), bom (de 36 a 40 pontos) e \u00f3timo (acima de 40 pontos).<\/p>\n<p>A an\u00e1lise dos resultados comp\u00f5e o relat\u00f3rio o \u201c<a href=\"https:\/\/www.sosma.org.br\/projeto\/observando-os-rios\/analise-da-qualidade-da-agua\/\" target=\"_blank\" rel=\"noopener noreferrer\">Retrato da Qualidade da \u00c1gua no Brasil<\/a>\u201d, amplamente divulgado anualmente, em geral no Dia Mundial da \u00c1gua.<\/p>\n<p>Malu Ribeiro, especialista de recursos h\u00eddricos da Funda\u00e7\u00e3o SOS Mata Atl\u00e2ntica refor\u00e7a a import\u00e2ncia da cria\u00e7\u00e3o desses grupos. \u201cA forma\u00e7\u00e3o de uma rede de cidad\u00e3os para monitorar a qualidade da \u00e1gua dos rios brasileiros \u00e9 um instrumento de engajamento e mobiliza\u00e7\u00e3o por avan\u00e7os no saneamento\u201d, comenta Malu.<\/p>\n<p>O programa surgiu em 1991, com uma campanha que reuniu 1,2 milh\u00e3o de assinaturas em prol da recupera\u00e7\u00e3o do Rio Tiet\u00ea e originou o primeiro projeto de monitoramento da qualidade da \u00e1gua por volunt\u00e1rios, o \u201cObservando o Tiet\u00ea\u201d. Para agregar outras bacias hidrogr\u00e1ficas, a iniciativa foi ampliada e passou a se chamar \u201cObservando os Rios\u201d. Em nova fase, com o patroc\u00ednio da Yp\u00ea, o projeto agora tem como objetivo formar 10 grupos de monitoramento da qualidade da \u00e1gua em cada um dos 17 estados da Mata Atl\u00e2ntica.<\/p>\n<p>Atualmente, s\u00e3o 252 grupos de monitoramento que analisam a qualidade da \u00e1gua em 307 pontos, 247 corpos d\u00b4\u00e1gua, em 104 munic\u00edpios dos estados de RS, SC, PR, SP, GO, MS, RJ, MG, ES, BA, AL, SE, PB, PE, RN, CE, PI e DF, envolvendo cerca de 3,6 mil pessoas.<\/p>\n<p><strong>Sobre a metodologia<\/strong><\/p>\n<p>A metodologia, desenvolvida especialmente para a Funda\u00e7\u00e3o por Samuel Murgel Branco e Aristides Almeida Rocha, com a contribui\u00e7\u00e3o de muitos especialistas, vale-se da percep\u00e7\u00e3o e de kits de an\u00e1lise&nbsp; para aferir o \u00cdndice de Qualidade da \u00c1gua ( IQA \u2013 baseado na resolu\u00e7\u00e3o Conama 357) e conta com ferramentas de gest\u00e3o \u00e0 dist\u00e2ncia e bancos de dados que permitem que seja utilizada por grupos de monitoramento em diversos rios e mananciais.&nbsp; Al\u00e9m do monitoramento permanente nas bacias hidrogr\u00e1ficas,&nbsp; s\u00e3o realizadas coletas e an\u00e1lises pontuais em rios de diversos Estados da Mata Atl\u00e2ntica, em parceria com outros projetos, a\u00e7\u00f5es e atividades da Funda\u00e7\u00e3o e de parceiros.<\/p>\n<p>Conhe\u00e7a nossos locais de coletas e as COMVIDA\u00b4s volunt\u00e1rias para as coletas em Taquara:<\/p>\n<h4><a href=\"https:\/\/drive.google.com\/open?id=1diKklwLb28U9QJUit50Buue8RaBY6Ygr\">Materiais para an\u00e1lises e relat\u00f3rios.<\/a><\/h4>\n","protected":false},"excerpt":{"rendered":"<p>O&nbsp;Observando os Rios \u00e9 um projeto que re\u00fane comunidades e as mobiliza em torno da qualidade da \u00e1gua de rios, c\u00f3rregos e outros corpos d\u2019\u00e1gua das localidades onde elas vivem. O projeto conta com o patroc\u00ednio da Yp\u00ea e Coca-Cola. Taquara tornou-se parceira desta iniciativa, para observar tr\u00eas de seus cinco rios, com o aux\u00edlio das COM-VIDA-s (Comiss\u00e3o de Meio Ambiente e Qualidade de Vida na Escola) das seguintes escolas: EMEF J\u00falio Maurer &#8211; Rio Padilha; EMEF Ant\u00f4nio Martins Rangel &#8211; Rio dos Sinos; EMEF Dr. Al\u00edpio Sperb &#8211; Rio Paranhana. A iniciativa \u00e9 aberta \u00e0 popula\u00e7\u00e3o, que pode&nbsp;participar&nbsp;dos grupos de monitoramento j\u00e1 existentes ou ajudar a criar novos grupos em rios pr\u00f3ximos a escolas, igrejas e outros centros comunit\u00e1rios.&nbsp;O monitoramento das \u00e1guas \u00e9 realizado com um&nbsp;kit desenvolvido&nbsp;pela SOS Mata Atl\u00e2ntica.&nbsp;Os grupos fazem a medi\u00e7\u00e3o uma vez por m\u00eas e &hellip; <a href=\"https:\/\/redesow.faccat.br\/wordpress\/ceataquara\/observando-rios\">Continua<\/a><\/p>\n","protected":false},"author":142,"featured_media":0,"parent":0,"menu_order":0,"comment_status":"closed","ping_status":"closed","template":"","meta":{"footnotes":""},"class_list":["post-10487","page","type-page","status-publish","hentry"],"_links":{"self":[{"href":"https:\/\/redesow.faccat.br\/wordpress\/ceataquara\/wp-json\/wp\/v2\/pages\/10487","targetHints":{"allow":["GET"]}}],"collection":[{"href":"https:\/\/redesow.faccat.br\/wordpress\/ceataquara\/wp-json\/wp\/v2\/pages"}],"about":[{"href":"https:\/\/redesow.faccat.br\/wordpress\/ceataquara\/wp-json\/wp\/v2\/types\/page"}],"author":[{"embeddable":true,"href":"https:\/\/redesow.faccat.br\/wordpress\/ceataquara\/wp-json\/wp\/v2\/users\/142"}],"replies":[{"embeddable":true,"href":"https:\/\/redesow.faccat.br\/wordpress\/ceataquara\/wp-json\/wp\/v2\/comments?post=10487"}],"version-history":[{"count":4,"href":"https:\/\/redesow.faccat.br\/wordpress\/ceataquara\/wp-json\/wp\/v2\/pages\/10487\/revisions"}],"predecessor-version":[{"id":12524,"href":"https:\/\/redesow.faccat.br\/wordpress\/ceataquara\/wp-json\/wp\/v2\/pages\/10487\/revisions\/12524"}],"wp:attachment":[{"href":"https:\/\/redesow.faccat.br\/wordpress\/ceataquara\/wp-json\/wp\/v2\/media?parent=10487"}],"curies":[{"name":"wp","href":"https:\/\/api.w.org\/{rel}","templated":true}]}}