{"id":14798,"date":"2020-07-21T02:05:35","date_gmt":"2020-07-20T23:05:35","guid":{"rendered":"http:\/\/redesow.faccat.br\/wordpress\/ceataquara\/?page_id=14798"},"modified":"2020-07-21T02:05:35","modified_gmt":"2020-07-20T23:05:35","slug":"coletivo-educador-e","status":"publish","type":"page","link":"https:\/\/redesow.faccat.br\/wordpress\/ceataquara\/coletivo-educador-e","title":{"rendered":"Coletivo Educador \u00e9"},"content":{"rendered":"\n<p>Trata-se da uni\u00e3o de pessoas que trazem o apoio de suas institui\u00e7\u00f5es para um processo de atua\u00e7\u00e3o educacional em um territ\u00f3rio. Formado em 2009 atrav\u00e9s&nbsp; de demandas do Cons\u00f3rcio PR\u00d3SINOS, participa das atividades formativas e de mobiliza\u00e7\u00e3o, sem uma sequencia formativa.<\/p>\n\n\n\n<p>Desde 2013, sob responsabilidade da coordena\u00e7\u00e3o de Educa\u00e7\u00e3o Ambiental da Secretaria Municipal de Educa\u00e7\u00e3o, Cultura e Esporte, t\u00eam constru\u00eddo uma nova perspectiva para a Educa\u00e7\u00e3o Ambiental em Taquara.<\/p>\n\n\n\n<p>Dentre suas principais atividades destacamos a forma\u00e7\u00e3o e facilita\u00e7\u00e3o da COM-VIDA; o acompanhamento na constru\u00e7\u00e3o e aplica\u00e7\u00e3o da Agenda 21 escolar; a constru\u00e7\u00e3o e aplica\u00e7\u00e3o do projeto de interven\u00e7\u00e3o s\u00f3cio-ambiental, facilita\u00e7\u00e3o e fomento das a\u00e7\u00f5es de Inser\u00e7\u00e3o da Educa\u00e7\u00e3o Ambiental no curr\u00edculo escolar.<\/p>\n","protected":false},"excerpt":{"rendered":"<p>Trata-se da uni\u00e3o de pessoas que trazem o apoio de suas institui\u00e7\u00f5es para um processo de atua\u00e7\u00e3o educacional em um territ\u00f3rio. Formado em 2009 atrav\u00e9s&nbsp; de demandas do Cons\u00f3rcio PR\u00d3SINOS, participa das atividades formativas e de mobiliza\u00e7\u00e3o, sem uma sequencia formativa. Desde 2013, sob responsabilidade da coordena\u00e7\u00e3o de Educa\u00e7\u00e3o Ambiental da Secretaria Municipal de Educa\u00e7\u00e3o, Cultura e Esporte, t\u00eam constru\u00eddo uma nova perspectiva para a Educa\u00e7\u00e3o Ambiental em Taquara. Dentre suas principais atividades destacamos a forma\u00e7\u00e3o e facilita\u00e7\u00e3o da COM-VIDA; o acompanhamento na constru\u00e7\u00e3o e aplica\u00e7\u00e3o da Agenda 21 escolar; a constru\u00e7\u00e3o e aplica\u00e7\u00e3o do projeto de interven\u00e7\u00e3o s\u00f3cio-ambiental, facilita\u00e7\u00e3o e fomento das a\u00e7\u00f5es de Inser\u00e7\u00e3o da Educa\u00e7\u00e3o Ambiental no curr\u00edculo escolar.<\/p>\n","protected":false},"author":142,"featured_media":0,"parent":0,"menu_order":0,"comment_status":"closed","ping_status":"closed","template":"","meta":{"footnotes":""},"class_list":["post-14798","page","type-page","status-publish","hentry"],"_links":{"self":[{"href":"https:\/\/redesow.faccat.br\/wordpress\/ceataquara\/wp-json\/wp\/v2\/pages\/14798","targetHints":{"allow":["GET"]}}],"collection":[{"href":"https:\/\/redesow.faccat.br\/wordpress\/ceataquara\/wp-json\/wp\/v2\/pages"}],"about":[{"href":"https:\/\/redesow.faccat.br\/wordpress\/ceataquara\/wp-json\/wp\/v2\/types\/page"}],"author":[{"embeddable":true,"href":"https:\/\/redesow.faccat.br\/wordpress\/ceataquara\/wp-json\/wp\/v2\/users\/142"}],"replies":[{"embeddable":true,"href":"https:\/\/redesow.faccat.br\/wordpress\/ceataquara\/wp-json\/wp\/v2\/comments?post=14798"}],"version-history":[{"count":1,"href":"https:\/\/redesow.faccat.br\/wordpress\/ceataquara\/wp-json\/wp\/v2\/pages\/14798\/revisions"}],"predecessor-version":[{"id":14800,"href":"https:\/\/redesow.faccat.br\/wordpress\/ceataquara\/wp-json\/wp\/v2\/pages\/14798\/revisions\/14800"}],"wp:attachment":[{"href":"https:\/\/redesow.faccat.br\/wordpress\/ceataquara\/wp-json\/wp\/v2\/media?parent=14798"}],"curies":[{"name":"wp","href":"https:\/\/api.w.org\/{rel}","templated":true}]}}