{"id":14805,"date":"2020-07-21T02:21:23","date_gmt":"2020-07-20T23:21:23","guid":{"rendered":"http:\/\/redesow.faccat.br\/wordpress\/ceataquara\/?page_id=14805"},"modified":"2020-07-21T02:25:42","modified_gmt":"2020-07-20T23:25:42","slug":"nos-somos","status":"publish","type":"page","link":"https:\/\/redesow.faccat.br\/wordpress\/ceataquara\/nos-somos","title":{"rendered":"N\u00f3s Somos"},"content":{"rendered":"\n<p class=\"has-text-align-center has-medium-font-size\"><strong>Lista de Representantes de 2020<\/strong><\/p>\n\n\n\n<figure class=\"wp-block-table\"><table class=\"has-subtle-pale-green-background-color has-background\"><tbody><tr><td class=\"has-text-align-center\" data-align=\"center\"><strong>Entidade<\/strong><\/td><td class=\"has-text-align-center\" data-align=\"center\"><strong>Representante<\/strong><\/td><\/tr><tr><td class=\"has-text-align-center\" data-align=\"center\">Col\u00e9gio The\u00f3philo Sauer<\/td><td class=\"has-text-align-center\" data-align=\"center\">Paloma Lima de Moura Ferraz<\/td><\/tr><tr><td class=\"has-text-align-center\" data-align=\"center\">EE Herminia G Marques<\/td><td class=\"has-text-align-center\" data-align=\"center\">Vanessa Munari<\/td><\/tr><tr><td class=\"has-text-align-center\" data-align=\"center\">EMEF 25 de Julho<\/td><td class=\"has-text-align-center\" data-align=\"center\">Valmor Rabello<\/td><\/tr><tr><td class=\"has-text-align-center\" data-align=\"center\">EMEF Antonio Martins Rangel<\/td><td class=\"has-text-align-center\" data-align=\"center\">Daiana Vidal dos Santos<\/td><\/tr><tr><td class=\"has-text-align-center\" data-align=\"center\">EMEF Arlindo Martini<\/td><td class=\"has-text-align-center\" data-align=\"center\">Najara Meridiano da Silva<\/td><\/tr><tr><td class=\"has-text-align-center\" data-align=\"center\">EMEF Calisto E\u00f3alio Letti<\/td><td class=\"has-text-align-center\" data-align=\"center\">Andreza Schimitt<\/td><\/tr><tr><td class=\"has-text-align-center\" data-align=\"center\">EMEF Caramuru<\/td><td class=\"has-text-align-center\" data-align=\"center\">Luciane de Souza Vargas<\/td><\/tr><tr><td class=\"has-text-align-center\" data-align=\"center\">EMEF Dezessete de abril<\/td><td class=\"has-text-align-center\" data-align=\"center\">Dario Filho<\/td><\/tr><tr><td class=\"has-text-align-center\" data-align=\"center\">EMEF Dona Leopoldina<\/td><td class=\"has-text-align-center\" data-align=\"center\">Naiana Barbara Lernmem<\/td><\/tr><tr><td class=\"has-text-align-center\" data-align=\"center\">EMEF Dr. Al\u00edpio Sperb<\/td><td class=\"has-text-align-center\" data-align=\"center\">Suelen Fernandes Martins<\/td><\/tr><tr><td class=\"has-text-align-center\" data-align=\"center\">EMEF Dr. Lauro Muller<\/td><td class=\"has-text-align-center\" data-align=\"center\">Debora Cristina<\/td><\/tr><tr><td class=\"has-text-align-center\" data-align=\"center\">EMEF Emilio Leichtveis<\/td><td class=\"has-text-align-center\" data-align=\"center\">Paloma Coelho<\/td><\/tr><tr><td class=\"has-text-align-center\" data-align=\"center\">EMEF Get\u00falio Vargas<\/td><td class=\"has-text-align-center\" data-align=\"center\">Isabel Kirsch<\/td><\/tr><tr><td class=\"has-text-align-center\" data-align=\"center\">EMEF Jo\u00e3o Martins Nunes<\/td><td class=\"has-text-align-center\" data-align=\"center\">Zeli Fernandes<\/td><\/tr><tr><td class=\"has-text-align-center\" data-align=\"center\">EMEF Julio Maurer<\/td><td class=\"has-text-align-center\" data-align=\"center\">Karen Schein<\/td><\/tr><tr><td class=\"has-text-align-center\" data-align=\"center\">EMEF Luis Boes<\/td><td class=\"has-text-align-center\" data-align=\"center\">Eduarda Gheller<\/td><\/tr><tr><td class=\"has-text-align-center\" data-align=\"center\">EMEF Nereu Wilhelms<\/td><td class=\"has-text-align-center\" data-align=\"center\">Fabiana Pedroso de Moraes<\/td><\/tr><tr><td class=\"has-text-align-center\" data-align=\"center\">EMEF Rosa Elsa<\/td><td class=\"has-text-align-center\" data-align=\"center\">Andressa Hoff<\/td><\/tr><tr><td class=\"has-text-align-center\" data-align=\"center\">EMEF Rudi Lindenmeyer<\/td><td class=\"has-text-align-center\" data-align=\"center\">Tain\u00e1 Georgi<\/td><\/tr><tr><td class=\"has-text-align-center\" data-align=\"center\">EMEF Salzano da Cunha<\/td><td class=\"has-text-align-center\" data-align=\"center\">Franciele Gelinger<\/td><\/tr><tr><td class=\"has-text-align-center\" data-align=\"center\">EMEF Tom\u00e9 de Souza<\/td><td class=\"has-text-align-center\" data-align=\"center\">Carla Jordana Ronnau<\/td><\/tr><tr><td class=\"has-text-align-center\" data-align=\"center\">EMEF Zeferino Vicente Neves<\/td><td class=\"has-text-align-center\" data-align=\"center\">Ant\u00f4nio Valdir<\/td><\/tr><tr><td class=\"has-text-align-center\" data-align=\"center\">EMEI Alice Maciel<\/td><td class=\"has-text-align-center\" data-align=\"center\">Luciana de Oliveira Correa<\/td><\/tr><tr><td class=\"has-text-align-center\" data-align=\"center\">EMEI Harda Liana Muller<\/td><td class=\"has-text-align-center\" data-align=\"center\">Ana Paula Mauer<\/td><\/tr><tr><td class=\"has-text-align-center\" data-align=\"center\">EMEI S\u00e3o Jo\u00e3o<\/td><td class=\"has-text-align-center\" data-align=\"center\">Laura de Souza Carvalho<\/td><\/tr><tr><td class=\"has-text-align-center\" data-align=\"center\">EMEI Tia Paty<\/td><td class=\"has-text-align-center\" data-align=\"center\">Eunice Mello<\/td><\/tr><tr><td class=\"has-text-align-center\" data-align=\"center\">EMEI Vov\u00f3 Dom\u00eanica<\/td><td class=\"has-text-align-center\" data-align=\"center\">Bibiana Lia Bobsin<\/td><\/tr><tr><td class=\"has-text-align-center\" data-align=\"center\">Estagi\u00e1ria SMECE<\/td><td class=\"has-text-align-center\" data-align=\"center\">Larissa Verneque<\/td><\/tr><tr><td class=\"has-text-align-center\" data-align=\"center\">Estagi\u00e1ria SMECE<\/td><td class=\"has-text-align-center\" data-align=\"center\">Tha\u00eds de Almeida<\/td><\/tr><tr><td class=\"has-text-align-center\" data-align=\"center\">FACCAT<\/td><td class=\"has-text-align-center\" data-align=\"center\">Liceo Piovesan<\/td><\/tr><tr><td class=\"has-text-align-center\" data-align=\"center\">Rotary Club<\/td><td class=\"has-text-align-center\" data-align=\"center\">Nara Mattos<\/td><\/tr><tr><td class=\"has-text-align-center\" data-align=\"center\">Sec. Educa\u00e7\u00e3o &#8211; SMECE<\/td><td class=\"has-text-align-center\" data-align=\"center\">Sabrina Amaral<\/td><\/tr><\/tbody><\/table><\/figure>\n\n\n\n<p>Sob a coordena\u00e7\u00e3o dos professores Sabrina do Amaral (SMECE) e\u00a0<a rel=\"noreferrer noopener\" href=\"https:\/\/www.facebook.com\/liceo?ref=tn_tnmn\" target=\"_blank\">Liceo Piovesan<\/a>\u00a0(Faccat)<\/p>\n","protected":false},"excerpt":{"rendered":"<p>Lista de Representantes de 2020 Entidade Representante Col\u00e9gio The\u00f3philo Sauer Paloma Lima de Moura Ferraz EE Herminia G Marques Vanessa Munari EMEF 25 de Julho Valmor Rabello EMEF Antonio Martins Rangel Daiana Vidal dos Santos EMEF Arlindo Martini Najara Meridiano da Silva EMEF Calisto E\u00f3alio Letti Andreza Schimitt EMEF Caramuru Luciane de Souza Vargas EMEF Dezessete de abril Dario Filho EMEF Dona Leopoldina Naiana Barbara Lernmem EMEF Dr. Al\u00edpio Sperb Suelen Fernandes Martins EMEF Dr. Lauro Muller Debora Cristina EMEF Emilio Leichtveis Paloma Coelho EMEF Get\u00falio Vargas Isabel Kirsch EMEF Jo\u00e3o Martins Nunes Zeli Fernandes EMEF Julio Maurer Karen Schein EMEF Luis Boes Eduarda Gheller EMEF Nereu Wilhelms Fabiana Pedroso de Moraes EMEF Rosa Elsa Andressa Hoff EMEF Rudi Lindenmeyer Tain\u00e1 Georgi EMEF Salzano da Cunha Franciele Gelinger EMEF Tom\u00e9 de Souza Carla Jordana Ronnau EMEF Zeferino Vicente Neves Ant\u00f4nio &hellip; <a href=\"https:\/\/redesow.faccat.br\/wordpress\/ceataquara\/nos-somos\">Continua<\/a><\/p>\n","protected":false},"author":142,"featured_media":0,"parent":0,"menu_order":0,"comment_status":"closed","ping_status":"closed","template":"","meta":{"footnotes":""},"class_list":["post-14805","page","type-page","status-publish","hentry"],"_links":{"self":[{"href":"https:\/\/redesow.faccat.br\/wordpress\/ceataquara\/wp-json\/wp\/v2\/pages\/14805","targetHints":{"allow":["GET"]}}],"collection":[{"href":"https:\/\/redesow.faccat.br\/wordpress\/ceataquara\/wp-json\/wp\/v2\/pages"}],"about":[{"href":"https:\/\/redesow.faccat.br\/wordpress\/ceataquara\/wp-json\/wp\/v2\/types\/page"}],"author":[{"embeddable":true,"href":"https:\/\/redesow.faccat.br\/wordpress\/ceataquara\/wp-json\/wp\/v2\/users\/142"}],"replies":[{"embeddable":true,"href":"https:\/\/redesow.faccat.br\/wordpress\/ceataquara\/wp-json\/wp\/v2\/comments?post=14805"}],"version-history":[{"count":2,"href":"https:\/\/redesow.faccat.br\/wordpress\/ceataquara\/wp-json\/wp\/v2\/pages\/14805\/revisions"}],"predecessor-version":[{"id":14811,"href":"https:\/\/redesow.faccat.br\/wordpress\/ceataquara\/wp-json\/wp\/v2\/pages\/14805\/revisions\/14811"}],"wp:attachment":[{"href":"https:\/\/redesow.faccat.br\/wordpress\/ceataquara\/wp-json\/wp\/v2\/media?parent=14805"}],"curies":[{"name":"wp","href":"https:\/\/api.w.org\/{rel}","templated":true}]}}