{"id":14827,"date":"2020-07-21T03:25:45","date_gmt":"2020-07-21T00:25:45","guid":{"rendered":"http:\/\/redesow.faccat.br\/wordpress\/ceataquara\/?page_id=14827"},"modified":"2020-07-21T04:44:45","modified_gmt":"2020-07-21T01:44:45","slug":"carta-da-terra","status":"publish","type":"page","link":"https:\/\/redesow.faccat.br\/wordpress\/ceataquara\/carta-da-terra","title":{"rendered":"Carta da Terra"},"content":{"rendered":"\n<div class=\"wp-block-image\"><figure class=\"alignleft size-large is-resized\"><img loading=\"lazy\" decoding=\"async\" src=\"https:\/\/redesow.faccat.br\/wordpress\/ceataquara\/wp-content\/uploads\/sites\/15\/ct-imagm.jpg\" alt=\"\" class=\"wp-image-14829\" width=\"251\" height=\"252\" srcset=\"https:\/\/redesow.faccat.br\/wordpress\/ceataquara\/wp-content\/uploads\/sites\/15\/ct-imagm.jpg 200w, https:\/\/redesow.faccat.br\/wordpress\/ceataquara\/wp-content\/uploads\/sites\/15\/ct-imagm-150x150.jpg 150w\" sizes=\"auto, (max-width: 251px) 100vw, 251px\" \/><\/figure><\/div>\n\n\n\n<p>&#8220;<strong>A Carta da Terra<\/strong>&nbsp;\u00e9 uma declara\u00e7\u00e3o de princ\u00edpios \u00e9ticos fundamentais para a constru\u00e7\u00e3o, de uma sociedade global justa, sustent\u00e1vel e pac\u00edfica. Busca inspirar todos os povos a um novo sentido de interdepend\u00eancia global e responsabilidade compartilhada, voltado para o bem-estar de toda a fam\u00edlia humana, da grande comunidade da vida e das futuras gera\u00e7\u00f5es. \u00c9 uma vis\u00e3o de esperan\u00e7a e um chamado \u00e0 a\u00e7\u00e3o.<\/p>\n\n\n\n<p>Oferece um novo marco, inclusivo e integralmente \u00e9tico para guiar a transi\u00e7\u00e3o para um futuro sustent\u00e1vel, reconhece que os objetivos de prote\u00e7\u00e3o ecol\u00f3gica, erradica\u00e7\u00e3o da pobreza, desenvolvimento econ\u00f4mico equitativo, respeito aos&nbsp;<a href=\"https:\/\/pt.wikipedia.org\/wiki\/Direitos_humanos\">direitos humanos<\/a>,&nbsp;<a href=\"https:\/\/pt.wikipedia.org\/wiki\/Democracia\">democracia<\/a>&nbsp;e paz s\u00e3o interdependentes e indivis\u00edveis.<\/p>\n\n\n\n<p>O documento \u00e9 resultado de uma d\u00e9cada de di\u00e1logo intercultural, em torno de objetivos comuns e valores compartilhados. A reda\u00e7\u00e3o da Carta da Terra envolveu o mais inclusivo e participativo processo associado \u00e0 cria\u00e7\u00e3o de uma declara\u00e7\u00e3o internacional. Esse processo \u00e9 a fonte b\u00e1sica de sua legitimidade como um marco de guia \u00e9tico. A legitimidade do documento foi fortalecida pela ades\u00e3o de mais de 4.500 organiza\u00e7\u00f5es, incluindo v\u00e1rios organismos governamentais e organiza\u00e7\u00f5es internacionais.&#8221; <strong>Wikipedia.<\/strong><\/p>\n\n\n\n<div class=\"wp-block-image\"><figure class=\"alignleft size-medium\"><img loading=\"lazy\" decoding=\"async\" width=\"200\" height=\"300\" src=\"https:\/\/redesow.faccat.br\/wordpress\/ceataquara\/wp-content\/uploads\/sites\/15\/leonardo-200x300.jpg\" alt=\"\" class=\"wp-image-14828\" srcset=\"https:\/\/redesow.faccat.br\/wordpress\/ceataquara\/wp-content\/uploads\/sites\/15\/leonardo-200x300.jpg 200w, https:\/\/redesow.faccat.br\/wordpress\/ceataquara\/wp-content\/uploads\/sites\/15\/leonardo-400x600.jpg 400w, https:\/\/redesow.faccat.br\/wordpress\/ceataquara\/wp-content\/uploads\/sites\/15\/leonardo-100x150.jpg 100w, https:\/\/redesow.faccat.br\/wordpress\/ceataquara\/wp-content\/uploads\/sites\/15\/leonardo.jpg 683w\" sizes=\"auto, (max-width: 200px) 100vw, 200px\" \/><\/figure><\/div>\n\n\n\n<p>\u201cA Carta da Terra parte de uma vis\u00e3o integradora e hol\u00edstica. Considera a pobreza, a degrada\u00e7\u00e3o ambiental, a injusti\u00e7a social, os conflitos \u00e9tnicos, a paz, a democracia, a \u00e9tica e a crise espiritual como problemas interdependentes que demandam solu\u00e7\u00f5es includentes. Ela representa um grito de urg\u00eancia face as amea\u00e7as que pesam, sobre a biosfera e o projeto planet\u00e1rio humano. Significa tamb\u00e9m um libelo em favor da esperan\u00e7a de um futuro comum da Terra e Humanidade.\u201d   <strong>Leonardo Boff<\/strong><br \/>Te\u00f3logo e Presidente de Honra do CDDH<img decoding=\"async\" class=\"wp-image-14830\" style=\"width: NaNpx\" src=\"http:\/\/redesow.faccat.br\/wordpress\/ceataquara\/wp-content\/uploads\/sites\/15\/carta_terra.pdf\" alt=\"\"\/><\/p>\n\n\n\n<div class=\"wp-block-file\"><a href=\"https:\/\/redesow.faccat.br\/wordpress\/ceataquara\/wp-content\/uploads\/sites\/15\/carta_terra-2.pdf\">CARTA DA TERRA &#8211; Texto Completo<\/a><a href=\"https:\/\/redesow.faccat.br\/wordpress\/ceataquara\/wp-content\/uploads\/sites\/15\/carta_terra-2.pdf\" class=\"wp-block-file__button\" download>Baixar<\/a><\/div>\n\n\n\n<div class=\"wp-block-file\"><a href=\"https:\/\/redesow.faccat.br\/wordpress\/ceataquara\/wp-content\/uploads\/sites\/15\/cartadaterraparacriancas-110815145042-phpapp02.pdf\">CARTA DA TERRA &#8211; Para crian\u00e7as<\/a><a href=\"https:\/\/redesow.faccat.br\/wordpress\/ceataquara\/wp-content\/uploads\/sites\/15\/cartadaterraparacriancas-110815145042-phpapp02.pdf\" class=\"wp-block-file__button\" download>Baixar<\/a><\/div>\n\n\n\n<div class=\"wp-block-file\"><a href=\"https:\/\/redesow.faccat.br\/wordpress\/ceataquara\/wp-content\/uploads\/sites\/15\/CartaDaTerraHistoria2105.pdf\">CARTA DA TERRA &#8211; Hist\u00f3rico<\/a><a href=\"https:\/\/redesow.faccat.br\/wordpress\/ceataquara\/wp-content\/uploads\/sites\/15\/CartaDaTerraHistoria2105.pdf\" class=\"wp-block-file__button\" download>Baixar<\/a><\/div>\n\n\n\n<div class=\"wp-block-file\"><a href=\"https:\/\/redesow.faccat.br\/wordpress\/ceataquara\/wp-content\/uploads\/sites\/15\/sugest\u00e3o-de-atividades-sobre-a-Carta-da-terra-para-Crian\u00e7as.pdf\">CARTA DA TERRA &#8211; Sugest\u00e3o de Atividades <\/a><a href=\"https:\/\/redesow.faccat.br\/wordpress\/ceataquara\/wp-content\/uploads\/sites\/15\/sugest\u00e3o-de-atividades-sobre-a-Carta-da-terra-para-Crian\u00e7as.pdf\" class=\"wp-block-file__button\" download>Baixar<\/a><\/div>\n\n\n\n<div class=\"wp-block-file\"><a href=\"https:\/\/redesow.faccat.br\/wordpress\/ceataquara\/wp-content\/uploads\/sites\/15\/Vivenciascartadaterra.pdf\">CARTA DA TERRA &#8211; Viv\u00eancias 1.Professores 2. Alunos <\/a><a href=\"https:\/\/redesow.faccat.br\/wordpress\/ceataquara\/wp-content\/uploads\/sites\/15\/Vivenciascartadaterra.pdf\" class=\"wp-block-file__button\" download>Baixar<\/a><\/div>\n\n\n","protected":false},"excerpt":{"rendered":"<p>&#8220;A Carta da Terra&nbsp;\u00e9 uma declara\u00e7\u00e3o de princ\u00edpios \u00e9ticos fundamentais para a constru\u00e7\u00e3o, de uma sociedade global justa, sustent\u00e1vel e pac\u00edfica. Busca inspirar todos os povos a um novo sentido de interdepend\u00eancia global e responsabilidade compartilhada, voltado para o bem-estar de toda a fam\u00edlia humana, da grande comunidade da vida e das futuras gera\u00e7\u00f5es. \u00c9 uma vis\u00e3o de esperan\u00e7a e um chamado \u00e0 a\u00e7\u00e3o. Oferece um novo marco, inclusivo e integralmente \u00e9tico para guiar a transi\u00e7\u00e3o para um futuro sustent\u00e1vel, reconhece que os objetivos de prote\u00e7\u00e3o ecol\u00f3gica, erradica\u00e7\u00e3o da pobreza, desenvolvimento econ\u00f4mico equitativo, respeito aos&nbsp;direitos humanos,&nbsp;democracia&nbsp;e paz s\u00e3o interdependentes e indivis\u00edveis. O documento \u00e9 resultado de uma d\u00e9cada de di\u00e1logo intercultural, em torno de objetivos comuns e valores compartilhados. A reda\u00e7\u00e3o da Carta da Terra envolveu o mais inclusivo e participativo processo associado \u00e0 cria\u00e7\u00e3o de uma declara\u00e7\u00e3o internacional. Esse &hellip; <a href=\"https:\/\/redesow.faccat.br\/wordpress\/ceataquara\/carta-da-terra\">Continua<\/a><\/p>\n","protected":false},"author":142,"featured_media":0,"parent":0,"menu_order":0,"comment_status":"closed","ping_status":"closed","template":"","meta":{"footnotes":""},"class_list":["post-14827","page","type-page","status-publish","hentry"],"_links":{"self":[{"href":"https:\/\/redesow.faccat.br\/wordpress\/ceataquara\/wp-json\/wp\/v2\/pages\/14827","targetHints":{"allow":["GET"]}}],"collection":[{"href":"https:\/\/redesow.faccat.br\/wordpress\/ceataquara\/wp-json\/wp\/v2\/pages"}],"about":[{"href":"https:\/\/redesow.faccat.br\/wordpress\/ceataquara\/wp-json\/wp\/v2\/types\/page"}],"author":[{"embeddable":true,"href":"https:\/\/redesow.faccat.br\/wordpress\/ceataquara\/wp-json\/wp\/v2\/users\/142"}],"replies":[{"embeddable":true,"href":"https:\/\/redesow.faccat.br\/wordpress\/ceataquara\/wp-json\/wp\/v2\/comments?post=14827"}],"version-history":[{"count":3,"href":"https:\/\/redesow.faccat.br\/wordpress\/ceataquara\/wp-json\/wp\/v2\/pages\/14827\/revisions"}],"predecessor-version":[{"id":14837,"href":"https:\/\/redesow.faccat.br\/wordpress\/ceataquara\/wp-json\/wp\/v2\/pages\/14827\/revisions\/14837"}],"wp:attachment":[{"href":"https:\/\/redesow.faccat.br\/wordpress\/ceataquara\/wp-json\/wp\/v2\/media?parent=14827"}],"curies":[{"name":"wp","href":"https:\/\/api.w.org\/{rel}","templated":true}]}}