{"id":14842,"date":"2020-07-21T04:53:19","date_gmt":"2020-07-21T01:53:19","guid":{"rendered":"http:\/\/redesow.faccat.br\/wordpress\/ceataquara\/?page_id=14842"},"modified":"2020-07-21T04:53:19","modified_gmt":"2020-07-21T01:53:19","slug":"tratado-de-educacao-ambiental-para-sociedades-sustentaveis-e-responsabilidade-global","status":"publish","type":"page","link":"https:\/\/redesow.faccat.br\/wordpress\/ceataquara\/tratado-de-educacao-ambiental-para-sociedades-sustentaveis-e-responsabilidade-global","title":{"rendered":"Tratado de Educa\u00e7\u00e3o Ambiental para Sociedades Sustent\u00e1veis e Responsabilidade Global"},"content":{"rendered":"\n<p>O&nbsp;<strong>Tratado de Educa\u00e7\u00e3o Ambiental para Sociedades Sustent\u00e1veis e Responsabilidade Global<\/strong>&nbsp;\u00e9 um documento elaborado por educadores ambientais, jovens e pessoas ligadas ao meio ambiente de v\u00e1rios pa\u00edses do mundo, publicado durante a&nbsp;<a href=\"https:\/\/pt.wikipedia.org\/wiki\/1%C2%BA_Jornada_de_Educa%C3%A7%C3%A3o_Ambiental\">1\u00ba Jornada de Educa\u00e7\u00e3o Ambiental<\/a>, que se tornou refer\u00eancia para a&nbsp;<a href=\"https:\/\/pt.wikipedia.org\/wiki\/Educa%C3%A7%C3%A3o_Ambiental\">Educa\u00e7\u00e3o Ambiental<\/a>.<\/p>\n\n\n\n<p>Tornou-se a Carta de Princ\u00edpios da Rede Brasileira de Educa\u00e7\u00e3o Ambiental, e das demais redes de EA a ela entrela\u00e7adas, e subsidia tamb\u00e9m o Programa Nacional de Educa\u00e7\u00e3o Ambiental, do \u00d3rg\u00e3o Gestor da Pol\u00edtica Nacional de Educa\u00e7\u00e3o Ambiental (<a href=\"https:\/\/pt.wikipedia.org\/wiki\/Minist%C3%A9rio_do_Meio_Ambiente\">MMA<\/a>&nbsp;e&nbsp;<a href=\"https:\/\/pt.wikipedia.org\/wiki\/MEC\">MEC<\/a>).<\/p>\n\n\n\n<p>O Tratado contou com a participa\u00e7\u00e3o de educadoras e educadores de adultos, jovens e crian\u00e7as de oito regi\u00f5es do mundo (Am\u00e9rica Latina, Am\u00e9rica do Norte, Caribe, Europa, \u00c1sia, Estados \u00c1rabes, \u00c1frica, Pac\u00edfico do Sul) e foi inicialmente publicado em cinco idiomas: portugu\u00eas, franc\u00eas, espanhol, ingl\u00eas e \u00e1rabe.<\/p>\n\n\n\n<div class=\"wp-block-file\"><a href=\"https:\/\/redesow.faccat.br\/wordpress\/ceataquara\/wp-content\/uploads\/sites\/15\/tratado_EA-1.pdf\">Tratado de Educa\u00e7\u00e3o Ambiental para Sociedades Sustent\u00e1veis e Responsabilidade Global &#8211; Texto Completo<\/a><a href=\"https:\/\/redesow.faccat.br\/wordpress\/ceataquara\/wp-content\/uploads\/sites\/15\/tratado_EA-1.pdf\" class=\"wp-block-file__button\" download>Baixar<\/a><\/div>\n\n\n\n<div class=\"wp-block-file\"><a href=\"https:\/\/redesow.faccat.br\/wordpress\/ceataquara\/wp-content\/uploads\/sites\/15\/TEASSRG.pdf\">TEASSRG &#8211; 2a Jornada<\/a><a href=\"https:\/\/redesow.faccat.br\/wordpress\/ceataquara\/wp-content\/uploads\/sites\/15\/TEASSRG.pdf\" class=\"wp-block-file__button\" download>Baixar<\/a><\/div>\n\n\n\n<p><\/p>\n","protected":false},"excerpt":{"rendered":"<p>O&nbsp;Tratado de Educa\u00e7\u00e3o Ambiental para Sociedades Sustent\u00e1veis e Responsabilidade Global&nbsp;\u00e9 um documento elaborado por educadores ambientais, jovens e pessoas ligadas ao meio ambiente de v\u00e1rios pa\u00edses do mundo, publicado durante a&nbsp;1\u00ba Jornada de Educa\u00e7\u00e3o Ambiental, que se tornou refer\u00eancia para a&nbsp;Educa\u00e7\u00e3o Ambiental. Tornou-se a Carta de Princ\u00edpios da Rede Brasileira de Educa\u00e7\u00e3o Ambiental, e das demais redes de EA a ela entrela\u00e7adas, e subsidia tamb\u00e9m o Programa Nacional de Educa\u00e7\u00e3o Ambiental, do \u00d3rg\u00e3o Gestor da Pol\u00edtica Nacional de Educa\u00e7\u00e3o Ambiental (MMA&nbsp;e&nbsp;MEC). O Tratado contou com a participa\u00e7\u00e3o de educadoras e educadores de adultos, jovens e crian\u00e7as de oito regi\u00f5es do mundo (Am\u00e9rica Latina, Am\u00e9rica do Norte, Caribe, Europa, \u00c1sia, Estados \u00c1rabes, \u00c1frica, Pac\u00edfico do Sul) e foi inicialmente publicado em cinco idiomas: portugu\u00eas, franc\u00eas, espanhol, ingl\u00eas e \u00e1rabe.<\/p>\n","protected":false},"author":142,"featured_media":0,"parent":0,"menu_order":0,"comment_status":"closed","ping_status":"closed","template":"","meta":{"footnotes":""},"class_list":["post-14842","page","type-page","status-publish","hentry"],"_links":{"self":[{"href":"https:\/\/redesow.faccat.br\/wordpress\/ceataquara\/wp-json\/wp\/v2\/pages\/14842","targetHints":{"allow":["GET"]}}],"collection":[{"href":"https:\/\/redesow.faccat.br\/wordpress\/ceataquara\/wp-json\/wp\/v2\/pages"}],"about":[{"href":"https:\/\/redesow.faccat.br\/wordpress\/ceataquara\/wp-json\/wp\/v2\/types\/page"}],"author":[{"embeddable":true,"href":"https:\/\/redesow.faccat.br\/wordpress\/ceataquara\/wp-json\/wp\/v2\/users\/142"}],"replies":[{"embeddable":true,"href":"https:\/\/redesow.faccat.br\/wordpress\/ceataquara\/wp-json\/wp\/v2\/comments?post=14842"}],"version-history":[{"count":1,"href":"https:\/\/redesow.faccat.br\/wordpress\/ceataquara\/wp-json\/wp\/v2\/pages\/14842\/revisions"}],"predecessor-version":[{"id":14846,"href":"https:\/\/redesow.faccat.br\/wordpress\/ceataquara\/wp-json\/wp\/v2\/pages\/14842\/revisions\/14846"}],"wp:attachment":[{"href":"https:\/\/redesow.faccat.br\/wordpress\/ceataquara\/wp-json\/wp\/v2\/media?parent=14842"}],"curies":[{"name":"wp","href":"https:\/\/api.w.org\/{rel}","templated":true}]}}