{"id":14850,"date":"2020-07-21T05:28:05","date_gmt":"2020-07-21T02:28:05","guid":{"rendered":"http:\/\/redesow.faccat.br\/wordpress\/ceataquara\/?page_id=14850"},"modified":"2020-07-21T05:28:05","modified_gmt":"2020-07-21T02:28:05","slug":"pronea","status":"publish","type":"page","link":"https:\/\/redesow.faccat.br\/wordpress\/ceataquara\/pronea","title":{"rendered":"PRONEA"},"content":{"rendered":"\n<p>Programa Nacional de Educa\u00e7\u00e3o Ambiental &#8211; <\/p>\n\n\n\n<p>O\u00a0<strong>Programa Nacional de Educa\u00e7\u00e3o Ambiental<\/strong>\u00a0(Pronea) \u00e9 uma pol\u00edtica do governo federal do\u00a0<a href=\"https:\/\/pt.wikipedia.org\/wiki\/Brasil\">Brasil<\/a>\u00a0para institucionalizar pr\u00e1ticas referentes a\u00a0<a href=\"https:\/\/pt.wikipedia.org\/wiki\/Educa%C3%A7%C3%A3o_Ambiental\">Educa\u00e7\u00e3o Ambiental<\/a>. Sua \u00faltima edi\u00e7\u00e3o (3\u00ba) foi publicada em 2005.<\/p>\n\n\n\n<div class=\"wp-block-file\"><a href=\"https:\/\/redesow.faccat.br\/wordpress\/ceataquara\/wp-content\/uploads\/sites\/15\/pronea3.pdf\">ProNEA3 &#8211; Documento na \u00edntegra<\/a><a href=\"https:\/\/redesow.faccat.br\/wordpress\/ceataquara\/wp-content\/uploads\/sites\/15\/pronea3.pdf\" class=\"wp-block-file__button\" download>Baixar<\/a><\/div>\n\n\n\n<p><\/p>\n","protected":false},"excerpt":{"rendered":"<p>Programa Nacional de Educa\u00e7\u00e3o Ambiental &#8211; O\u00a0Programa Nacional de Educa\u00e7\u00e3o Ambiental\u00a0(Pronea) \u00e9 uma pol\u00edtica do governo federal do\u00a0Brasil\u00a0para institucionalizar pr\u00e1ticas referentes a\u00a0Educa\u00e7\u00e3o Ambiental. Sua \u00faltima edi\u00e7\u00e3o (3\u00ba) foi publicada em 2005.<\/p>\n","protected":false},"author":142,"featured_media":0,"parent":0,"menu_order":0,"comment_status":"closed","ping_status":"closed","template":"","meta":{"footnotes":""},"class_list":["post-14850","page","type-page","status-publish","hentry"],"_links":{"self":[{"href":"https:\/\/redesow.faccat.br\/wordpress\/ceataquara\/wp-json\/wp\/v2\/pages\/14850","targetHints":{"allow":["GET"]}}],"collection":[{"href":"https:\/\/redesow.faccat.br\/wordpress\/ceataquara\/wp-json\/wp\/v2\/pages"}],"about":[{"href":"https:\/\/redesow.faccat.br\/wordpress\/ceataquara\/wp-json\/wp\/v2\/types\/page"}],"author":[{"embeddable":true,"href":"https:\/\/redesow.faccat.br\/wordpress\/ceataquara\/wp-json\/wp\/v2\/users\/142"}],"replies":[{"embeddable":true,"href":"https:\/\/redesow.faccat.br\/wordpress\/ceataquara\/wp-json\/wp\/v2\/comments?post=14850"}],"version-history":[{"count":1,"href":"https:\/\/redesow.faccat.br\/wordpress\/ceataquara\/wp-json\/wp\/v2\/pages\/14850\/revisions"}],"predecessor-version":[{"id":14853,"href":"https:\/\/redesow.faccat.br\/wordpress\/ceataquara\/wp-json\/wp\/v2\/pages\/14850\/revisions\/14853"}],"wp:attachment":[{"href":"https:\/\/redesow.faccat.br\/wordpress\/ceataquara\/wp-json\/wp\/v2\/media?parent=14850"}],"curies":[{"name":"wp","href":"https:\/\/api.w.org\/{rel}","templated":true}]}}