{"id":2,"date":"2015-03-05T17:39:25","date_gmt":"2015-03-05T17:39:25","guid":{"rendered":"http:\/\/redesow.faccat.br\/wordpress\/ceataquara\/?page_id=2"},"modified":"2020-07-21T00:22:11","modified_gmt":"2020-07-20T21:22:11","slug":"pagina-exemplo","status":"publish","type":"page","link":"https:\/\/redesow.faccat.br\/wordpress\/ceataquara\/pagina-exemplo","title":{"rendered":"Agenda 2020"},"content":{"rendered":"<p style=\"text-align: center\"><b><a href=\"http:\/\/saga.faccat.br\/p477\/index.php?chave=4137\">Coletivo Educador Ambiental de Taquara<\/a> &#8211; CEATAQUARA <\/b><br \/>Encontros na segunda ter\u00e7a-feira do m\u00eas das 13h00min \u00e0s 17horas.<\/p>\n<p style=\"text-align: center\">Local: FACCAT &#8211; Faculdades Integradas de Taquara<br \/><b>Encontros mensais previstos para 2019: <\/b><\/p>\n<p>DEVIDO A PANDEMIA, A AGENDA DO CEATAQUARA MODIFICOU-SE PARA ENCONTROS QUINZENAIS, DE DUAS HORAS, PELO GOOGLE MEET.<\/p>\n\n\n<div class=\"wp-block-image\"><figure class=\"aligncenter size-large\"><img loading=\"lazy\" decoding=\"async\" width=\"415\" height=\"600\" src=\"https:\/\/redesow.faccat.br\/wordpress\/ceataquara\/wp-content\/uploads\/sites\/15\/Slide7-415x600.jpg\" alt=\"\" class=\"wp-image-14792\" srcset=\"https:\/\/redesow.faccat.br\/wordpress\/ceataquara\/wp-content\/uploads\/sites\/15\/Slide7-415x600.jpg 415w, https:\/\/redesow.faccat.br\/wordpress\/ceataquara\/wp-content\/uploads\/sites\/15\/Slide7-208x300.jpg 208w, https:\/\/redesow.faccat.br\/wordpress\/ceataquara\/wp-content\/uploads\/sites\/15\/Slide7-104x150.jpg 104w, https:\/\/redesow.faccat.br\/wordpress\/ceataquara\/wp-content\/uploads\/sites\/15\/Slide7.jpg 720w\" sizes=\"auto, (max-width: 415px) 100vw, 415px\" \/><\/figure><\/div>\n\n\n\n<h2 class=\"wp-block-heading\">Agenda de Atividades &#8211; 2020<\/h2>\n\n\n\n<div class=\"wp-block-image\"><figure class=\"aligncenter size-large\"><img loading=\"lazy\" decoding=\"async\" width=\"415\" height=\"600\" src=\"https:\/\/redesow.faccat.br\/wordpress\/ceataquara\/wp-content\/uploads\/sites\/15\/Slide6-415x600.jpg\" alt=\"\" class=\"wp-image-14793\" srcset=\"https:\/\/redesow.faccat.br\/wordpress\/ceataquara\/wp-content\/uploads\/sites\/15\/Slide6-415x600.jpg 415w, https:\/\/redesow.faccat.br\/wordpress\/ceataquara\/wp-content\/uploads\/sites\/15\/Slide6-208x300.jpg 208w, https:\/\/redesow.faccat.br\/wordpress\/ceataquara\/wp-content\/uploads\/sites\/15\/Slide6-104x150.jpg 104w, https:\/\/redesow.faccat.br\/wordpress\/ceataquara\/wp-content\/uploads\/sites\/15\/Slide6.jpg 720w\" sizes=\"auto, (max-width: 415px) 100vw, 415px\" \/><\/figure><\/div>\n","protected":false},"excerpt":{"rendered":"<p>Coletivo Educador Ambiental de Taquara &#8211; CEATAQUARA Encontros na segunda ter\u00e7a-feira do m\u00eas das 13h00min \u00e0s 17horas. Local: FACCAT &#8211; Faculdades Integradas de TaquaraEncontros mensais previstos para 2019: DEVIDO A PANDEMIA, A AGENDA DO CEATAQUARA MODIFICOU-SE PARA ENCONTROS QUINZENAIS, DE DUAS HORAS, PELO GOOGLE MEET. Agenda de Atividades &#8211; 2020<\/p>\n","protected":false},"author":137,"featured_media":0,"parent":0,"menu_order":0,"comment_status":"open","ping_status":"open","template":"","meta":{"footnotes":""},"class_list":["post-2","page","type-page","status-publish","hentry"],"_links":{"self":[{"href":"https:\/\/redesow.faccat.br\/wordpress\/ceataquara\/wp-json\/wp\/v2\/pages\/2","targetHints":{"allow":["GET"]}}],"collection":[{"href":"https:\/\/redesow.faccat.br\/wordpress\/ceataquara\/wp-json\/wp\/v2\/pages"}],"about":[{"href":"https:\/\/redesow.faccat.br\/wordpress\/ceataquara\/wp-json\/wp\/v2\/types\/page"}],"author":[{"embeddable":true,"href":"https:\/\/redesow.faccat.br\/wordpress\/ceataquara\/wp-json\/wp\/v2\/users\/137"}],"replies":[{"embeddable":true,"href":"https:\/\/redesow.faccat.br\/wordpress\/ceataquara\/wp-json\/wp\/v2\/comments?post=2"}],"version-history":[{"count":20,"href":"https:\/\/redesow.faccat.br\/wordpress\/ceataquara\/wp-json\/wp\/v2\/pages\/2\/revisions"}],"predecessor-version":[{"id":13947,"href":"https:\/\/redesow.faccat.br\/wordpress\/ceataquara\/wp-json\/wp\/v2\/pages\/2\/revisions\/13947"}],"wp:attachment":[{"href":"https:\/\/redesow.faccat.br\/wordpress\/ceataquara\/wp-json\/wp\/v2\/media?parent=2"}],"curies":[{"name":"wp","href":"https:\/\/api.w.org\/{rel}","templated":true}]}}