{"id":2048,"date":"2015-09-15T19:20:47","date_gmt":"2015-09-15T16:20:47","guid":{"rendered":"http:\/\/redesow.faccat.br\/wordpress\/ceataquara\/?page_id=2048"},"modified":"2019-07-08T01:27:41","modified_gmt":"2019-07-07T22:27:41","slug":"entrega-de-trabalhos","status":"publish","type":"page","link":"https:\/\/redesow.faccat.br\/wordpress\/ceataquara\/entrega-de-trabalhos","title":{"rendered":"Agenda 2030 &#8211; ODS"},"content":{"rendered":"\n<p> <br \/>Desde 2016, O Coletivo Educador Ambiental de Taquara, CEATAQUARA, tem buscado, o di\u00e1logo da Agenda 21 escolar com a Agenda 2030 norteando todos os projetos e programas de Educa\u00e7\u00e3o Ambiental, e efetivando os princ\u00edpios da igualdade, diversidade, participa\u00e7\u00e3o, solidariedade e liberdade. As pr\u00e1ticas desenvolvidas nos espa\u00e7os,  s\u00e3o publicadas pelos integrantes do CEATAQUARA e podem ser acompanhadas neste site, em HOME. <\/p>\n\n\n\n<p>No ano 2000, a Organiza\u00e7\u00e3o das Na\u00e7\u00f5es Unidas (ONU)\u00a0lan\u00e7ou os 8 Objetivos de Desenvolvimento do Mil\u00eanio (ODM), que deveriam ser realizados at\u00e9 2015, culminando com o fim da D\u00e9cada da Educa\u00e7\u00e3o para o Desenvolvimento Sustent\u00e1vel.<\/p>\n\n\n\n<p>Com base no relat\u00f3rio destas duas importantes iniciativas mundiais, al\u00e9m de outros documentos, em setembro de 2015, l\u00edderes mundiais reuniram-se na sede da ONU e lan\u00e7aram os Objetivos de Desenvolvimento Sustent\u00e1vel (ODS)&nbsp;que contemplam 17 Objetivos e 169 metas.<\/p>\n\n\n\n<figure class=\"wp-block-image\"><img loading=\"lazy\" decoding=\"async\" width=\"1159\" height=\"602\" src=\"https:\/\/redesow.faccat.br\/wordpress\/ceataquara\/wp-content\/uploads\/sites\/15\/ODS.png\" alt=\"\" class=\"wp-image-12686\" srcset=\"https:\/\/redesow.faccat.br\/wordpress\/ceataquara\/wp-content\/uploads\/sites\/15\/ODS.png 1159w, https:\/\/redesow.faccat.br\/wordpress\/ceataquara\/wp-content\/uploads\/sites\/15\/ODS-150x78.png 150w, https:\/\/redesow.faccat.br\/wordpress\/ceataquara\/wp-content\/uploads\/sites\/15\/ODS-300x156.png 300w, https:\/\/redesow.faccat.br\/wordpress\/ceataquara\/wp-content\/uploads\/sites\/15\/ODS-768x399.png 768w, https:\/\/redesow.faccat.br\/wordpress\/ceataquara\/wp-content\/uploads\/sites\/15\/ODS-600x312.png 600w\" sizes=\"auto, (max-width: 1159px) 100vw, 1159px\" \/><\/figure>\n\n\n\n<p>Com o objetivo de auxiliar as Na\u00e7\u00f5es Unidas no alcance dos 17 ODS foi lan\u00e7ada a Agenda 2030, um plano de a\u00e7\u00e3o que envolve n\u00e3o apenas os governos e as organiza\u00e7\u00f5es da sociedade civil, mas tamb\u00e9m cada cidad\u00e3o.<\/p>\n\n\n\n<p>O lema dos ODS \u00e9: \u201cNingu\u00e9m pode ficar de fora!\u201d, por isso eles foram constru\u00eddos contemplando cinco \u00e1reas de import\u00e2ncia crucial para a humanidade e o planeta: Pessoas, Prosperidade, Paz, Parcerias e Planeta, que s\u00e3o chamados de os 5 P\u2019s da Agenda 2030.<\/p>\n\n\n\n<div class=\"wp-block-image\"><figure class=\"aligncenter\"><img loading=\"lazy\" decoding=\"async\" width=\"600\" height=\"600\" src=\"https:\/\/redesow.faccat.br\/wordpress\/ceataquara\/wp-content\/uploads\/sites\/15\/ods_em_temas.png\" alt=\"\" class=\"wp-image-12685\" srcset=\"https:\/\/redesow.faccat.br\/wordpress\/ceataquara\/wp-content\/uploads\/sites\/15\/ods_em_temas.png 600w, https:\/\/redesow.faccat.br\/wordpress\/ceataquara\/wp-content\/uploads\/sites\/15\/ods_em_temas-150x150.png 150w, https:\/\/redesow.faccat.br\/wordpress\/ceataquara\/wp-content\/uploads\/sites\/15\/ods_em_temas-300x300.png 300w\" sizes=\"auto, (max-width: 600px) 100vw, 600px\" \/><\/figure><\/div>\n\n\n\n<p>O Coletivo Educador Ambiental de Taquara,  acredita que os ODS podem  contribuir para o enraizamento da educa\u00e7\u00e3o ambiental nos espa\u00e7os e institui\u00e7\u00f5es participantes, assim como, colaborar na jornada de transi\u00e7\u00e3o \u00e0 Espa\u00e7os Educadores Sustent\u00e1veis, vivenciada pelas escolas participantes.<\/p>\n\n\n\n<p><\/p>\n","protected":false},"excerpt":{"rendered":"<p>Desde 2016, O Coletivo Educador Ambiental de Taquara, CEATAQUARA, tem buscado, o di\u00e1logo da Agenda 21 escolar com a Agenda 2030 norteando todos os projetos e programas de Educa\u00e7\u00e3o Ambiental, e efetivando os princ\u00edpios da igualdade, diversidade, participa\u00e7\u00e3o, solidariedade e liberdade. As pr\u00e1ticas desenvolvidas nos espa\u00e7os, s\u00e3o publicadas pelos integrantes do CEATAQUARA e podem ser acompanhadas neste site, em HOME. No ano 2000, a Organiza\u00e7\u00e3o das Na\u00e7\u00f5es Unidas (ONU)\u00a0lan\u00e7ou os 8 Objetivos de Desenvolvimento do Mil\u00eanio (ODM), que deveriam ser realizados at\u00e9 2015, culminando com o fim da D\u00e9cada da Educa\u00e7\u00e3o para o Desenvolvimento Sustent\u00e1vel. Com base no relat\u00f3rio destas duas importantes iniciativas mundiais, al\u00e9m de outros documentos, em setembro de 2015, l\u00edderes mundiais reuniram-se na sede da ONU e lan\u00e7aram os Objetivos de Desenvolvimento Sustent\u00e1vel (ODS)&nbsp;que contemplam 17 Objetivos e 169 metas. Com o objetivo de auxiliar as Na\u00e7\u00f5es &hellip; <a href=\"https:\/\/redesow.faccat.br\/wordpress\/ceataquara\/entrega-de-trabalhos\">Continua<\/a><\/p>\n","protected":false},"author":137,"featured_media":0,"parent":0,"menu_order":0,"comment_status":"open","ping_status":"open","template":"","meta":{"footnotes":""},"class_list":["post-2048","page","type-page","status-publish","hentry"],"_links":{"self":[{"href":"https:\/\/redesow.faccat.br\/wordpress\/ceataquara\/wp-json\/wp\/v2\/pages\/2048","targetHints":{"allow":["GET"]}}],"collection":[{"href":"https:\/\/redesow.faccat.br\/wordpress\/ceataquara\/wp-json\/wp\/v2\/pages"}],"about":[{"href":"https:\/\/redesow.faccat.br\/wordpress\/ceataquara\/wp-json\/wp\/v2\/types\/page"}],"author":[{"embeddable":true,"href":"https:\/\/redesow.faccat.br\/wordpress\/ceataquara\/wp-json\/wp\/v2\/users\/137"}],"replies":[{"embeddable":true,"href":"https:\/\/redesow.faccat.br\/wordpress\/ceataquara\/wp-json\/wp\/v2\/comments?post=2048"}],"version-history":[{"count":13,"href":"https:\/\/redesow.faccat.br\/wordpress\/ceataquara\/wp-json\/wp\/v2\/pages\/2048\/revisions"}],"predecessor-version":[{"id":12688,"href":"https:\/\/redesow.faccat.br\/wordpress\/ceataquara\/wp-json\/wp\/v2\/pages\/2048\/revisions\/12688"}],"wp:attachment":[{"href":"https:\/\/redesow.faccat.br\/wordpress\/ceataquara\/wp-json\/wp\/v2\/media?parent=2048"}],"curies":[{"name":"wp","href":"https:\/\/api.w.org\/{rel}","templated":true}]}}